{"id":1395,"date":"2022-07-20T14:52:42","date_gmt":"2022-07-20T12:52:42","guid":{"rendered":"https:\/\/shiryparis.com\/paris-art-tours\/"},"modified":"2024-11-07T00:08:13","modified_gmt":"2024-11-06T23:08:13","slug":"paris-art-tours","status":"publish","type":"page","link":"https:\/\/shiryparis.com\/fr\/paris-art-tours\/","title":{"rendered":"Paris Art Tours"},"content":{"rendered":"\n<p>Paris Art Tours<\/p>\n\n\n\n<figure class=\"wp-block-image size-large\"><img loading=\"lazy\" decoding=\"async\" width=\"1536\" height=\"1152\" src=\"https:\/\/shiryparis.com\/wp-content\/uploads\/\/belleville-pez-shiry-paris-1-1536x1152.webp\" alt=\"\" class=\"wp-image-275\" srcset=\"https:\/\/shiryparis.com\/wp-content\/uploads\/belleville-pez-shiry-paris-1-1536x1152.webp 1536w, https:\/\/shiryparis.com\/wp-content\/uploads\/belleville-pez-shiry-paris-1-768x576.webp 768w, https:\/\/shiryparis.com\/wp-content\/uploads\/belleville-pez-shiry-paris-1-600x450.webp 600w, https:\/\/shiryparis.com\/wp-content\/uploads\/belleville-pez-shiry-paris-1.webp 2000w\" sizes=\"auto, (max-width: 1536px) 100vw, 1536px\" \/><\/figure>\n\n\n\n<h2 class=\"wp-block-heading\">Belleville Street Art Tour<\/h2>\n\n\n\n<p>Plongez dans le monde vibrant de l\u2019art urbain avec nos captivantes visites d\u2019art urbain \u00e0 Paris. Anim\u00e9es par des artistes locaux profond\u00e9ment connect\u00e9s au pouls artistique de la ville, ces visites offrent une occasion unique d\u2019explorer les tr\u00e9sors cach\u00e9s et la sc\u00e8ne dynamique du street art qui d\u00e9finissent le paysage urbain parisien.<\/p>\n\n\n\n<p>Belleville Street Art Tour<\/p>\n\n\n\n<div class=\"wp-block-buttons is-layout-flex wp-block-buttons-is-layout-flex\">\n<div class=\"wp-block-button is-style-fill\"><a class=\"wp-block-button__link wp-element-button\" href=\"https:\/\/shiryparis.com\/fr\/paris-art-tours\/belleville-street-art-tour\/\">Belleville Street Art Tour<\/a><\/div>\n<\/div>\n\n\n\n<div style=\"height:100px\" aria-hidden=\"true\" class=\"wp-block-spacer\"><\/div>\n\n\n\n<figure class=\"wp-block-image size-large\"><img loading=\"lazy\" decoding=\"async\" width=\"1536\" height=\"1152\" src=\"https:\/\/shiryparis.com\/wp-content\/uploads\/\/paris-street-art-tour-canal-de-lourcq-teens-graffiti-1536x1152.webp\" alt=\"\" class=\"wp-image-665\" srcset=\"https:\/\/shiryparis.com\/wp-content\/uploads\/paris-street-art-tour-canal-de-lourcq-teens-graffiti-1536x1152.webp 1536w, https:\/\/shiryparis.com\/wp-content\/uploads\/paris-street-art-tour-canal-de-lourcq-teens-graffiti-768x576.webp 768w, https:\/\/shiryparis.com\/wp-content\/uploads\/paris-street-art-tour-canal-de-lourcq-teens-graffiti-600x450.webp 600w, https:\/\/shiryparis.com\/wp-content\/uploads\/paris-street-art-tour-canal-de-lourcq-teens-graffiti.webp 2000w\" sizes=\"auto, (max-width: 1536px) 100vw, 1536px\" \/><\/figure>\n\n\n\n<h2 class=\"wp-block-heading\">Canal de l\u2019Ourcq Street Art Tour<\/h2>\n\n\n\n<p>Canal de l\u2019Ourcq Street Art Tour<\/p>\n\n\n\n<div class=\"wp-block-buttons is-layout-flex wp-block-buttons-is-layout-flex\">\n<div class=\"wp-block-button is-style-fill\"><a class=\"wp-block-button__link wp-element-button\" href=\"https:\/\/shiryparis.com\/fr\/paris-art-tours\/canal-de-lourcq-street-art-tour\/\">Canal de l\u2019Ourcq Street Art Tour<\/a><\/div>\n<\/div>\n\n\n\n<div style=\"height:100px\" aria-hidden=\"true\" class=\"wp-block-spacer\"><\/div>\n\n\n\n<figure class=\"wp-block-image size-large\"><img loading=\"lazy\" decoding=\"async\" width=\"1536\" height=\"2048\" src=\"https:\/\/shiryparis.com\/wp-content\/uploads\/\/artist-tour-guide-shiry-avny-in-marais-paris-1-1536x2048.webp\" alt=\"\" class=\"wp-image-1325\" srcset=\"https:\/\/shiryparis.com\/wp-content\/uploads\/artist-tour-guide-shiry-avny-in-marais-paris-1-1536x2048.webp 1536w, https:\/\/shiryparis.com\/wp-content\/uploads\/artist-tour-guide-shiry-avny-in-marais-paris-1-768x1024.webp 768w, https:\/\/shiryparis.com\/wp-content\/uploads\/artist-tour-guide-shiry-avny-in-marais-paris-1-1152x1536.webp 1152w, https:\/\/shiryparis.com\/wp-content\/uploads\/artist-tour-guide-shiry-avny-in-marais-paris-1-600x800.webp 600w, https:\/\/shiryparis.com\/wp-content\/uploads\/artist-tour-guide-shiry-avny-in-marais-paris-1-scaled.webp 1920w\" sizes=\"auto, (max-width: 1536px) 100vw, 1536px\" \/><\/figure>\n\n\n\n<h2 class=\"wp-block-heading\"><a href=\"https:\/\/shiryparis.com\/fr\/paris-art-tours\/paris-marais-art-galleries-tour\/\">Paris Marais Art Galleries Tour<\/a><\/h2>\n\n\n\n<p>Marais Art Galleries Tour<\/p>\n\n\n\n<p>Offrez-vous une visite d\u2019art sur mesure : explorez les merveilles de l\u2019art contemporain et la cr\u00e9ativit\u00e9 urbaine dans le Marais, en passant par les galeries d\u2019art contemporain qui proposent des expositions temporaires d\u2019art fran\u00e7ais et international.<\/p>\n\n\n\n<p>Plongez au c\u0153ur vibrant du monde de l\u2019art avec notre visite sur mesure dans le Marais, un quartier renomm\u00e9 pour sa sc\u00e8ne d\u2019art contemporain florissante et son art urbain captivant. Impr\u00e9gnez-vous d\u2019une s\u00e9lection minutieusement choisie des galeries d\u2019art les plus \u00e9tonnantes et d\u00e9couvrez la fusion dynamique entre expressions artistiques traditionnelles et avant-gardistes.<\/p>\n\n\n\n<p>Votre voyage personnalis\u00e9 commence dans les rues pittoresques du Marais, guid\u00e9 par nos experts en art, dot\u00e9s d\u2019une profonde connaissance du pouls artistique du quartier. Pr\u00e9parez-vous \u00e0 \u00eatre \u00e9merveill\u00e9 en entrant dans un monde d\u2019innovation artistique, o\u00f9 les galeries traditionnelles c\u00f4toient des espaces d\u2019exposition avant-gardistes, cr\u00e9ant un paysage artistique diversifi\u00e9 et captivant.<\/p>\n\n\n\n<p>D\u00e9couvrez les \u0153uvres d\u2019artistes contemporains acclam\u00e9s et de talents \u00e9mergents, expos\u00e9es dans les galeries les plus prestigieuses du quartier. Admirez des peintures, sculptures, installations et cr\u00e9ations multim\u00e9dia stimulantes qui repoussent les limites de l\u2019expression artistique. Nos guides experts vous offriront des informations pr\u00e9cieuses sur les parcours des artistes, leurs inspirations et le contexte de leurs \u0153uvres captivantes, enrichissant ainsi votre compr\u00e9hension et votre appr\u00e9ciation de chaque chef-d\u2019\u0153uvre.<\/p>\n\n\n\n<p>Mais notre visite va bien au-del\u00e0 des murs des galeries traditionnelles. En parcourant les rues labyrinthiques du Marais, nous explorerons le monde dynamique de l\u2019art urbain qui s\u2019\u00e9panouit dans des recoins cach\u00e9s et des espaces inattendus. D\u00e9couvrez des fresques vibrantes, des graffitis minutieux et des cr\u00e9ations de street art saisissantes qui ornent les murs du quartier, insufflant vie et cr\u00e9ativit\u00e9 dans ses rues. Plongez dans les messages sociaux et culturels v\u00e9hicul\u00e9s par l\u2019art urbain et d\u00e9couvrez les perspectives uniques des artistes sur la ville.<\/p>\n\n\n\n<p>Tout au long de la visite, votre guide adaptera l\u2019exp\u00e9rience \u00e0 vos pr\u00e9f\u00e9rences et int\u00e9r\u00eats, veillant \u00e0 ce que chaque \u00e9tape du parcours r\u00e9sonne avec votre sensibilit\u00e9 artistique. Participez \u00e0 des discussions stimulantes, posez vos questions et plongez dans les histoires qui se cachent derri\u00e8re chaque \u0153uvre, renfor\u00e7ant ainsi votre lien avec l\u2019art et l\u2019\u00e9nergie cr\u00e9ative du quartier.<\/p>\n\n\n\n<p>Le Marais est \u00e9galement r\u00e9put\u00e9 pour son m\u00e9lange \u00e9clectique de boutiques, de caf\u00e9s branch\u00e9s et de monuments historiques. En explorant le quartier, impr\u00e9gnez-vous de son atmosph\u00e8re vibrante, savourez les saveurs locales et plongez dans l\u2019ambiance cosmopolite qui impr\u00e8gne chaque coin de rue.<\/p>\n\n\n\n<p>Que vous soyez un collectionneur passionn\u00e9, un amateur curieux, ou simplement quelqu\u2019un qui appr\u00e9cie la beaut\u00e9 et la cr\u00e9ativit\u00e9 que l\u2019art apporte \u00e0 la vie, notre visite sur mesure dans le Marais vous promet un voyage inoubliable dans le monde de l\u2019art contemporain et de la cr\u00e9ativit\u00e9 urbaine. D\u00e9couvrez les galeries d\u2019art les plus \u00e9tonnantes, plongez dans le monde captivant de l\u2019art urbain, et gagnez une nouvelle perspective sur la sc\u00e8ne artistique en constante \u00e9volution dans l\u2019un des quartiers les plus vibrants de Paris.<\/p>\n\n\n\n<p>R\u00e9servez votre visite d\u2019art personnalis\u00e9e d\u00e8s maintenant et embarquez pour une aventure captivante qui \u00e9largira vos horizons artistiques, \u00e9veillera votre imagination et vous laissera avec une profonde appr\u00e9ciation pour le pouvoir transformateur de l\u2019art dans nos vies.<\/p>\n\n\n\n<div class=\"wp-block-buttons is-layout-flex wp-block-buttons-is-layout-flex\">\n<div class=\"wp-block-button is-style-fill\"><a class=\"wp-block-button__link wp-element-button\" href=\"https:\/\/shiryparis.com\/fr\/paris-art-tours\/paris-marais-art-galleries-tour\/\">Paris Marais Art Galleries Tour<\/a><\/div>\n<\/div>\n","protected":false},"excerpt":{"rendered":"<p>Paris Art Tours Belleville Street Art Tour Plongez dans le monde vibrant de l\u2019art urbain avec nos captivantes visites d\u2019art urbain \u00e0 Paris. Anim\u00e9es par des artistes locaux profond\u00e9ment connect\u00e9s au pouls artistique de la ville, ces visites offrent une occasion unique d\u2019explorer les tr\u00e9sors cach\u00e9s et la sc\u00e8ne dynamique du street art qui d\u00e9finissent [&hellip;]<\/p>\n","protected":false},"author":1,"featured_media":0,"parent":0,"menu_order":2,"comment_status":"closed","ping_status":"closed","template":"","meta":{"footnotes":""},"class_list":["post-1395","page","type-page","status-publish","hentry",""],"_links":{"self":[{"href":"https:\/\/shiryparis.com\/fr\/wp-json\/wp\/v2\/pages\/1395","targetHints":{"allow":["GET"]}}],"collection":[{"href":"https:\/\/shiryparis.com\/fr\/wp-json\/wp\/v2\/pages"}],"about":[{"href":"https:\/\/shiryparis.com\/fr\/wp-json\/wp\/v2\/types\/page"}],"author":[{"embeddable":true,"href":"https:\/\/shiryparis.com\/fr\/wp-json\/wp\/v2\/users\/1"}],"replies":[{"embeddable":true,"href":"https:\/\/shiryparis.com\/fr\/wp-json\/wp\/v2\/comments?post=1395"}],"version-history":[{"count":2,"href":"https:\/\/shiryparis.com\/fr\/wp-json\/wp\/v2\/pages\/1395\/revisions"}],"predecessor-version":[{"id":1413,"href":"https:\/\/shiryparis.com\/fr\/wp-json\/wp\/v2\/pages\/1395\/revisions\/1413"}],"wp:attachment":[{"href":"https:\/\/shiryparis.com\/fr\/wp-json\/wp\/v2\/media?parent=1395"}],"curies":[{"name":"wp","href":"https:\/\/api.w.org\/{rel}","templated":true}]}}