{"id":1393,"date":"2022-07-19T11:32:46","date_gmt":"2022-07-19T09:32:46","guid":{"rendered":"https:\/\/shiryparis.com\/belleville-street-art-tour\/"},"modified":"2024-11-06T23:15:22","modified_gmt":"2024-11-06T22:15:22","slug":"belleville-street-art-tour","status":"publish","type":"page","link":"https:\/\/shiryparis.com\/fr\/paris-art-tours\/belleville-street-art-tour\/","title":{"rendered":"Belleville Street Art Tour"},"content":{"rendered":"\n<div class=\"wp-block-buttons is-layout-flex wp-block-buttons-is-layout-flex\">\n<div class=\"wp-block-button\"><a class=\"wp-block-button__link wp-element-button\" href=\"https:\/\/shiryparis.com\/book-tour\/\">R\u00e9server une visite<\/a><\/div>\n<\/div>\n\n<p>Rejoignez-moi pour d\u00e9couvrir un autre visage de Paris et plongez dans la sc\u00e8ne vibrante du street art ! Vivez l\u2019essence de Belleville lors d\u2019une visite unique d\u2019art urbain avec Shiry, artiste locale. Explorez des recoins cach\u00e9s, d\u00e9couvrez les racines historiques du quartier dans la campagne et la r\u00e9volution industrielle, apprenez l\u2019histoire de la Commune de Paris, et profitez de vues panoramiques \u00e0 couper le souffle sur Paris.&#13;\n&#13;\n<\/p>\n\n<p>D\u00e9couvrez l\u2019histoire fascinante de Belleville, de ses origines rurales \u00e0 sa transformation pendant la R\u00e9volution industrielle. Apprenez-en davantage sur les influences diverses du quartier et sur la mani\u00e8re dont elles ont fa\u00e7onn\u00e9 sa sc\u00e8ne artistique dynamique.<\/p>\n\n<p><\/p>\n\n<p><\/p>\n\n<figure class=\"wp-block-gallery has-nested-images columns-2 is-cropped wp-block-gallery-1 is-layout-flex wp-block-gallery-is-layout-flex\">\n<figure class=\"wp-block-image size-large\"><img loading=\"lazy\" decoding=\"async\" width=\"2000\" height=\"1490\" data-id=\"395\" src=\"https:\/\/shiryparis.com\/wp-content\/uploads\/shiry-tour-guide-in-belleville-shiry-paris-1.webp\" alt=\"\" class=\"wp-image-395\" srcset=\"https:\/\/shiryparis.com\/wp-content\/uploads\/shiry-tour-guide-in-belleville-shiry-paris-1.webp 2000w, https:\/\/shiryparis.com\/wp-content\/uploads\/shiry-tour-guide-in-belleville-shiry-paris-1-768x572.webp 768w, https:\/\/shiryparis.com\/wp-content\/uploads\/shiry-tour-guide-in-belleville-shiry-paris-1-1536x1144.webp 1536w, https:\/\/shiryparis.com\/wp-content\/uploads\/shiry-tour-guide-in-belleville-shiry-paris-1-600x447.webp 600w\" sizes=\"auto, (max-width: 2000px) 100vw, 2000px\" \/><\/figure>\n\n\n\n<figure class=\"wp-block-image size-large\"><img loading=\"lazy\" decoding=\"async\" width=\"2000\" height=\"1490\" data-id=\"365\" src=\"https:\/\/shiryparis.com\/wp-content\/uploads\/shiry-guide.bellville-tour-shiry-paris-1.webp\" alt=\"\" class=\"wp-image-365\" srcset=\"https:\/\/shiryparis.com\/wp-content\/uploads\/shiry-guide.bellville-tour-shiry-paris-1.webp 2000w, https:\/\/shiryparis.com\/wp-content\/uploads\/shiry-guide.bellville-tour-shiry-paris-1-768x572.webp 768w, https:\/\/shiryparis.com\/wp-content\/uploads\/shiry-guide.bellville-tour-shiry-paris-1-1536x1144.webp 1536w, https:\/\/shiryparis.com\/wp-content\/uploads\/shiry-guide.bellville-tour-shiry-paris-1-600x447.webp 600w\" sizes=\"auto, (max-width: 2000px) 100vw, 2000px\" \/><\/figure>\n\n\n\n<figure class=\"wp-block-image size-large\"><img loading=\"lazy\" decoding=\"async\" width=\"2000\" height=\"1190\" data-id=\"356\" src=\"https:\/\/shiryparis.com\/wp-content\/uploads\/shiry-guide-belleville-shiry-paris-1.webp\" alt=\"\" class=\"wp-image-356\" srcset=\"https:\/\/shiryparis.com\/wp-content\/uploads\/shiry-guide-belleville-shiry-paris-1.webp 2000w, https:\/\/shiryparis.com\/wp-content\/uploads\/shiry-guide-belleville-shiry-paris-1-768x457.webp 768w, https:\/\/shiryparis.com\/wp-content\/uploads\/shiry-guide-belleville-shiry-paris-1-1536x914.webp 1536w, https:\/\/shiryparis.com\/wp-content\/uploads\/shiry-guide-belleville-shiry-paris-1-600x357.webp 600w\" sizes=\"auto, (max-width: 2000px) 100vw, 2000px\" \/><\/figure>\n\n\n\n<figure class=\"wp-block-image size-large\"><img loading=\"lazy\" decoding=\"async\" width=\"1920\" height=\"2560\" data-id=\"284\" src=\"https:\/\/shiryparis.com\/wp-content\/uploads\/belleville-street-art-tour-woman-shiry-paris-1-scaled.webp\" alt=\"\" class=\"wp-image-284\" srcset=\"https:\/\/shiryparis.com\/wp-content\/uploads\/belleville-street-art-tour-woman-shiry-paris-1-scaled.webp 1920w, https:\/\/shiryparis.com\/wp-content\/uploads\/belleville-street-art-tour-woman-shiry-paris-1-768x1024.webp 768w, https:\/\/shiryparis.com\/wp-content\/uploads\/belleville-street-art-tour-woman-shiry-paris-1-1536x2048.webp 1536w, https:\/\/shiryparis.com\/wp-content\/uploads\/belleville-street-art-tour-woman-shiry-paris-1-1152x1536.webp 1152w, https:\/\/shiryparis.com\/wp-content\/uploads\/belleville-street-art-tour-woman-shiry-paris-1-600x800.webp 600w\" sizes=\"auto, (max-width: 1920px) 100vw, 1920px\" \/><\/figure>\n\n\n\n<figure class=\"wp-block-image size-large\"><img loading=\"lazy\" decoding=\"async\" width=\"2000\" height=\"1500\" data-id=\"281\" src=\"https:\/\/shiryparis.com\/wp-content\/uploads\/belleville-street-art-tour-graffiti-shiry-paris-1.webp\" alt=\"\" class=\"wp-image-281\" srcset=\"https:\/\/shiryparis.com\/wp-content\/uploads\/belleville-street-art-tour-graffiti-shiry-paris-1.webp 2000w, https:\/\/shiryparis.com\/wp-content\/uploads\/belleville-street-art-tour-graffiti-shiry-paris-1-768x576.webp 768w, https:\/\/shiryparis.com\/wp-content\/uploads\/belleville-street-art-tour-graffiti-shiry-paris-1-1536x1152.webp 1536w, https:\/\/shiryparis.com\/wp-content\/uploads\/belleville-street-art-tour-graffiti-shiry-paris-1-600x450.webp 600w\" sizes=\"auto, (max-width: 2000px) 100vw, 2000px\" \/><\/figure>\n\n\n\n<figure class=\"wp-block-image size-large\"><img loading=\"lazy\" decoding=\"async\" width=\"2000\" height=\"1500\" data-id=\"278\" src=\"https:\/\/shiryparis.com\/wp-content\/uploads\/belleville-street-art-tour-couple-shiry-paris-1.webp\" alt=\"\" class=\"wp-image-278\" srcset=\"https:\/\/shiryparis.com\/wp-content\/uploads\/belleville-street-art-tour-couple-shiry-paris-1.webp 2000w, https:\/\/shiryparis.com\/wp-content\/uploads\/belleville-street-art-tour-couple-shiry-paris-1-768x576.webp 768w, https:\/\/shiryparis.com\/wp-content\/uploads\/belleville-street-art-tour-couple-shiry-paris-1-1536x1152.webp 1536w, https:\/\/shiryparis.com\/wp-content\/uploads\/belleville-street-art-tour-couple-shiry-paris-1-600x450.webp 600w\" sizes=\"auto, (max-width: 2000px) 100vw, 2000px\" \/><\/figure>\n\n\n\n<figure class=\"wp-block-image size-large\"><img loading=\"lazy\" decoding=\"async\" width=\"2000\" height=\"1500\" data-id=\"275\" src=\"https:\/\/shiryparis.com\/wp-content\/uploads\/belleville-pez-shiry-paris-1.webp\" alt=\"\" class=\"wp-image-275\" srcset=\"https:\/\/shiryparis.com\/wp-content\/uploads\/belleville-pez-shiry-paris-1.webp 2000w, https:\/\/shiryparis.com\/wp-content\/uploads\/belleville-pez-shiry-paris-1-768x576.webp 768w, https:\/\/shiryparis.com\/wp-content\/uploads\/belleville-pez-shiry-paris-1-1536x1152.webp 1536w, https:\/\/shiryparis.com\/wp-content\/uploads\/belleville-pez-shiry-paris-1-600x450.webp 600w\" sizes=\"auto, (max-width: 2000px) 100vw, 2000px\" \/><\/figure>\n\n\n\n<figure class=\"wp-block-image size-large\"><img loading=\"lazy\" decoding=\"async\" width=\"1920\" height=\"2560\" data-id=\"272\" src=\"https:\/\/shiryparis.com\/wp-content\/uploads\/belleville-edit-piaf-shiry-paris-1-scaled.webp\" alt=\"\" class=\"wp-image-272\" srcset=\"https:\/\/shiryparis.com\/wp-content\/uploads\/belleville-edit-piaf-shiry-paris-1-scaled.webp 1920w, https:\/\/shiryparis.com\/wp-content\/uploads\/belleville-edit-piaf-shiry-paris-1-768x1024.webp 768w, https:\/\/shiryparis.com\/wp-content\/uploads\/belleville-edit-piaf-shiry-paris-1-1536x2048.webp 1536w, https:\/\/shiryparis.com\/wp-content\/uploads\/belleville-edit-piaf-shiry-paris-1-1152x1536.webp 1152w, https:\/\/shiryparis.com\/wp-content\/uploads\/belleville-edit-piaf-shiry-paris-1-600x800.webp 600w\" sizes=\"auto, (max-width: 1920px) 100vw, 1920px\" \/><\/figure>\n<\/figure>\n","protected":false},"excerpt":{"rendered":"<p>Rejoignez-moi pour d\u00e9couvrir un autre visage de Paris et plongez dans la sc\u00e8ne vibrante du street art ! Vivez l\u2019essence de Belleville lors d\u2019une visite unique d\u2019art urbain avec Shiry, artiste locale. Explorez des recoins cach\u00e9s, d\u00e9couvrez les racines historiques du quartier dans la campagne et la r\u00e9volution industrielle, apprenez l\u2019histoire de la Commune de [&hellip;]<\/p>\n","protected":false},"author":1,"featured_media":0,"parent":1395,"menu_order":0,"comment_status":"closed","ping_status":"closed","template":"","meta":{"footnotes":""},"class_list":["post-1393","page","type-page","status-publish","hentry",""],"_links":{"self":[{"href":"https:\/\/shiryparis.com\/fr\/wp-json\/wp\/v2\/pages\/1393","targetHints":{"allow":["GET"]}}],"collection":[{"href":"https:\/\/shiryparis.com\/fr\/wp-json\/wp\/v2\/pages"}],"about":[{"href":"https:\/\/shiryparis.com\/fr\/wp-json\/wp\/v2\/types\/page"}],"author":[{"embeddable":true,"href":"https:\/\/shiryparis.com\/fr\/wp-json\/wp\/v2\/users\/1"}],"replies":[{"embeddable":true,"href":"https:\/\/shiryparis.com\/fr\/wp-json\/wp\/v2\/comments?post=1393"}],"version-history":[{"count":1,"href":"https:\/\/shiryparis.com\/fr\/wp-json\/wp\/v2\/pages\/1393\/revisions"}],"predecessor-version":[{"id":1394,"href":"https:\/\/shiryparis.com\/fr\/wp-json\/wp\/v2\/pages\/1393\/revisions\/1394"}],"up":[{"embeddable":true,"href":"https:\/\/shiryparis.com\/fr\/wp-json\/wp\/v2\/pages\/1395"}],"wp:attachment":[{"href":"https:\/\/shiryparis.com\/fr\/wp-json\/wp\/v2\/media?parent=1393"}],"curies":[{"name":"wp","href":"https:\/\/api.w.org\/{rel}","templated":true}]}}