{"id":1388,"date":"2022-07-20T14:48:49","date_gmt":"2022-07-20T12:48:49","guid":{"rendered":"https:\/\/shiryparis.com\/paris-marais-art-galleries-tour\/"},"modified":"2024-11-06T23:15:22","modified_gmt":"2024-11-06T22:15:22","slug":"paris-marais-art-galleries-tour","status":"publish","type":"page","link":"https:\/\/shiryparis.com\/fr\/paris-art-tours\/paris-marais-art-galleries-tour\/","title":{"rendered":"Paris Marais Art Galleries Tour"},"content":{"rendered":"\n<div class=\"wp-block-buttons is-layout-flex wp-block-buttons-is-layout-flex\">\n<div class=\"wp-block-button\"><a class=\"wp-block-button__link wp-element-button\" href=\"https:\/\/shiryparis.com\/book-tour\/\">R\u00e9server une visite<\/a><\/div>\n<\/div>\n\n<p>Explorez la sc\u00e8ne artistique dynamique du Marais, le c\u0153ur de Paris. Rejoignez-moi pour une visite personnalis\u00e9e o\u00f9 nous d\u00e9couvrirons les expositions actuelles dans les galeries et le monde captivant des mouvements de street art et de graffiti. Plongez dans des chefs-d\u2019\u0153uvre contemporains et d\u00e9couvrez les tr\u00e9sors urbains cach\u00e9s qui ornent les rues de ce quartier vibrant. Partons ensemble pour un voyage qui c\u00e9l\u00e8bre la cr\u00e9ativit\u00e9 artistique et le pouvoir transformateur de l\u2019art dans le Marais.<\/p>\n\n<figure class=\"wp-block-gallery has-nested-images columns-2 is-cropped wp-block-gallery-1 is-layout-flex wp-block-gallery-is-layout-flex\">\n<figure class=\"wp-block-image size-large\"><img loading=\"lazy\" decoding=\"async\" width=\"1536\" height=\"2048\" data-id=\"1320\" src=\"https:\/\/shiryparis.com\/wp-content\/uploads\/\/bonom-street-art-in-marais-paris-1536x2048.webp\" alt=\"\" class=\"wp-image-1320\" srcset=\"https:\/\/shiryparis.com\/wp-content\/uploads\/bonom-street-art-in-marais-paris-1536x2048.webp 1536w, https:\/\/shiryparis.com\/wp-content\/uploads\/bonom-street-art-in-marais-paris-768x1024.webp 768w, https:\/\/shiryparis.com\/wp-content\/uploads\/bonom-street-art-in-marais-paris-1152x1536.webp 1152w, https:\/\/shiryparis.com\/wp-content\/uploads\/bonom-street-art-in-marais-paris-600x800.webp 600w, https:\/\/shiryparis.com\/wp-content\/uploads\/bonom-street-art-in-marais-paris-scaled.webp 1920w\" sizes=\"auto, (max-width: 1536px) 100vw, 1536px\" \/><\/figure>\n\n\n\n<figure class=\"wp-block-image size-large\"><img loading=\"lazy\" decoding=\"async\" width=\"1536\" height=\"2048\" data-id=\"678\" src=\"https:\/\/shiryparis.com\/wp-content\/uploads\/\/marais-street-art-tour-paris-graffiti-shiry-paris-1536x2048.webp\" alt=\"\" class=\"wp-image-678\" srcset=\"https:\/\/shiryparis.com\/wp-content\/uploads\/marais-street-art-tour-paris-graffiti-shiry-paris-1536x2048.webp 1536w, https:\/\/shiryparis.com\/wp-content\/uploads\/marais-street-art-tour-paris-graffiti-shiry-paris-768x1024.webp 768w, https:\/\/shiryparis.com\/wp-content\/uploads\/marais-street-art-tour-paris-graffiti-shiry-paris-1152x1536.webp 1152w, https:\/\/shiryparis.com\/wp-content\/uploads\/marais-street-art-tour-paris-graffiti-shiry-paris-600x800.webp 600w, https:\/\/shiryparis.com\/wp-content\/uploads\/marais-street-art-tour-paris-graffiti-shiry-paris-scaled.webp 1920w\" sizes=\"auto, (max-width: 1536px) 100vw, 1536px\" \/><\/figure>\n\n\n\n<figure class=\"wp-block-image size-large\"><img loading=\"lazy\" decoding=\"async\" width=\"1536\" height=\"1152\" data-id=\"1310\" src=\"https:\/\/shiryparis.com\/wp-content\/uploads\/\/art-gallery-exhibition-in-marais-paris-1536x1152.webp\" alt=\"\" class=\"wp-image-1310\" srcset=\"https:\/\/shiryparis.com\/wp-content\/uploads\/art-gallery-exhibition-in-marais-paris-1536x1152.webp 1536w, https:\/\/shiryparis.com\/wp-content\/uploads\/art-gallery-exhibition-in-marais-paris-768x576.webp 768w, https:\/\/shiryparis.com\/wp-content\/uploads\/art-gallery-exhibition-in-marais-paris-600x450.webp 600w, https:\/\/shiryparis.com\/wp-content\/uploads\/art-gallery-exhibition-in-marais-paris.webp 2000w\" sizes=\"auto, (max-width: 1536px) 100vw, 1536px\" \/><\/figure>\n\n\n\n<figure class=\"wp-block-image size-large\"><img loading=\"lazy\" decoding=\"async\" width=\"1536\" height=\"2048\" data-id=\"1313\" src=\"https:\/\/shiryparis.com\/wp-content\/uploads\/\/art-gallery-tour-in-marais-paris-with-shiry-paris-1536x2048.webp\" alt=\"\" class=\"wp-image-1313\" srcset=\"https:\/\/shiryparis.com\/wp-content\/uploads\/art-gallery-tour-in-marais-paris-with-shiry-paris-1536x2048.webp 1536w, https:\/\/shiryparis.com\/wp-content\/uploads\/art-gallery-tour-in-marais-paris-with-shiry-paris-768x1024.webp 768w, https:\/\/shiryparis.com\/wp-content\/uploads\/art-gallery-tour-in-marais-paris-with-shiry-paris-1152x1536.webp 1152w, https:\/\/shiryparis.com\/wp-content\/uploads\/art-gallery-tour-in-marais-paris-with-shiry-paris-600x800.webp 600w, https:\/\/shiryparis.com\/wp-content\/uploads\/art-gallery-tour-in-marais-paris-with-shiry-paris-scaled.webp 1920w\" sizes=\"auto, (max-width: 1536px) 100vw, 1536px\" \/><\/figure>\n\n\n\n<figure class=\"wp-block-image size-large\"><img loading=\"lazy\" decoding=\"async\" width=\"1536\" height=\"2048\" data-id=\"1325\" src=\"https:\/\/shiryparis.com\/wp-content\/uploads\/\/artist-tour-guide-shiry-avny-in-marais-paris-1-1536x2048.webp\" alt=\"\" class=\"wp-image-1325\" srcset=\"https:\/\/shiryparis.com\/wp-content\/uploads\/artist-tour-guide-shiry-avny-in-marais-paris-1-1536x2048.webp 1536w, https:\/\/shiryparis.com\/wp-content\/uploads\/artist-tour-guide-shiry-avny-in-marais-paris-1-768x1024.webp 768w, https:\/\/shiryparis.com\/wp-content\/uploads\/artist-tour-guide-shiry-avny-in-marais-paris-1-1152x1536.webp 1152w, https:\/\/shiryparis.com\/wp-content\/uploads\/artist-tour-guide-shiry-avny-in-marais-paris-1-600x800.webp 600w, https:\/\/shiryparis.com\/wp-content\/uploads\/artist-tour-guide-shiry-avny-in-marais-paris-1-scaled.webp 1920w\" sizes=\"auto, (max-width: 1536px) 100vw, 1536px\" \/><\/figure>\n\n\n\n<figure class=\"wp-block-image size-large\"><img loading=\"lazy\" decoding=\"async\" width=\"1536\" height=\"2048\" data-id=\"1319\" src=\"https:\/\/shiryparis.com\/wp-content\/uploads\/\/man-painting-art-gallery-in-marais-paris-1536x2048.webp\" alt=\"\" class=\"wp-image-1319\" srcset=\"https:\/\/shiryparis.com\/wp-content\/uploads\/man-painting-art-gallery-in-marais-paris-1536x2048.webp 1536w, https:\/\/shiryparis.com\/wp-content\/uploads\/man-painting-art-gallery-in-marais-paris-768x1024.webp 768w, https:\/\/shiryparis.com\/wp-content\/uploads\/man-painting-art-gallery-in-marais-paris-1152x1536.webp 1152w, https:\/\/shiryparis.com\/wp-content\/uploads\/man-painting-art-gallery-in-marais-paris-600x800.webp 600w, https:\/\/shiryparis.com\/wp-content\/uploads\/man-painting-art-gallery-in-marais-paris-scaled.webp 1920w\" sizes=\"auto, (max-width: 1536px) 100vw, 1536px\" \/><\/figure>\n\n\n\n<figure class=\"wp-block-image size-large\"><img loading=\"lazy\" decoding=\"async\" width=\"1536\" height=\"2048\" data-id=\"684\" src=\"https:\/\/shiryparis.com\/wp-content\/uploads\/\/marais-street-art-tour-woman-shiry-paris-1536x2048.webp\" alt=\"\" class=\"wp-image-684\" srcset=\"https:\/\/shiryparis.com\/wp-content\/uploads\/marais-street-art-tour-woman-shiry-paris-1536x2048.webp 1536w, https:\/\/shiryparis.com\/wp-content\/uploads\/marais-street-art-tour-woman-shiry-paris-768x1024.webp 768w, https:\/\/shiryparis.com\/wp-content\/uploads\/marais-street-art-tour-woman-shiry-paris-1152x1536.webp 1152w, https:\/\/shiryparis.com\/wp-content\/uploads\/marais-street-art-tour-woman-shiry-paris-600x800.webp 600w, https:\/\/shiryparis.com\/wp-content\/uploads\/marais-street-art-tour-woman-shiry-paris-scaled.webp 1920w\" sizes=\"auto, (max-width: 1536px) 100vw, 1536px\" \/><\/figure>\n\n\n\n<figure class=\"wp-block-image size-large\"><img loading=\"lazy\" decoding=\"async\" width=\"1536\" height=\"2048\" data-id=\"688\" src=\"https:\/\/shiryparis.com\/wp-content\/uploads\/\/marais-street-art-tour-graffiti-shiry-paris-1-1536x2048.webp\" alt=\"\" class=\"wp-image-688\" srcset=\"https:\/\/shiryparis.com\/wp-content\/uploads\/marais-street-art-tour-graffiti-shiry-paris-1-1536x2048.webp 1536w, https:\/\/shiryparis.com\/wp-content\/uploads\/marais-street-art-tour-graffiti-shiry-paris-1-768x1024.webp 768w, https:\/\/shiryparis.com\/wp-content\/uploads\/marais-street-art-tour-graffiti-shiry-paris-1-1152x1536.webp 1152w, https:\/\/shiryparis.com\/wp-content\/uploads\/marais-street-art-tour-graffiti-shiry-paris-1-600x800.webp 600w, https:\/\/shiryparis.com\/wp-content\/uploads\/marais-street-art-tour-graffiti-shiry-paris-1-scaled.webp 1920w\" sizes=\"auto, (max-width: 1536px) 100vw, 1536px\" \/><\/figure>\n<\/figure>\n\n<figure class=\"wp-block-image size-large\"><img loading=\"lazy\" decoding=\"async\" width=\"1536\" height=\"1152\" src=\"https:\/\/shiryparis.com\/wp-content\/uploads\/\/tour-galleries-marais-paris-1536x1152.webp\" alt=\"\" class=\"wp-image-907\" srcset=\"https:\/\/shiryparis.com\/wp-content\/uploads\/tour-galleries-marais-paris-1536x1152.webp 1536w, https:\/\/shiryparis.com\/wp-content\/uploads\/tour-galleries-marais-paris-768x576.webp 768w, https:\/\/shiryparis.com\/wp-content\/uploads\/tour-galleries-marais-paris-600x450.webp 600w, https:\/\/shiryparis.com\/wp-content\/uploads\/tour-galleries-marais-paris.webp 2000w\" sizes=\"auto, (max-width: 1536px) 100vw, 1536px\" \/><\/figure>\n","protected":false},"excerpt":{"rendered":"<p>Explorez la sc\u00e8ne artistique dynamique du Marais, le c\u0153ur de Paris. Rejoignez-moi pour une visite personnalis\u00e9e o\u00f9 nous d\u00e9couvrirons les expositions actuelles dans les galeries et le monde captivant des mouvements de street art et de graffiti. Plongez dans des chefs-d\u2019\u0153uvre contemporains et d\u00e9couvrez les tr\u00e9sors urbains cach\u00e9s qui ornent les rues de ce quartier [&hellip;]<\/p>\n","protected":false},"author":1,"featured_media":0,"parent":1395,"menu_order":0,"comment_status":"closed","ping_status":"closed","template":"","meta":{"footnotes":""},"class_list":["post-1388","page","type-page","status-publish","hentry",""],"_links":{"self":[{"href":"https:\/\/shiryparis.com\/fr\/wp-json\/wp\/v2\/pages\/1388","targetHints":{"allow":["GET"]}}],"collection":[{"href":"https:\/\/shiryparis.com\/fr\/wp-json\/wp\/v2\/pages"}],"about":[{"href":"https:\/\/shiryparis.com\/fr\/wp-json\/wp\/v2\/types\/page"}],"author":[{"embeddable":true,"href":"https:\/\/shiryparis.com\/fr\/wp-json\/wp\/v2\/users\/1"}],"replies":[{"embeddable":true,"href":"https:\/\/shiryparis.com\/fr\/wp-json\/wp\/v2\/comments?post=1388"}],"version-history":[{"count":2,"href":"https:\/\/shiryparis.com\/fr\/wp-json\/wp\/v2\/pages\/1388\/revisions"}],"predecessor-version":[{"id":1397,"href":"https:\/\/shiryparis.com\/fr\/wp-json\/wp\/v2\/pages\/1388\/revisions\/1397"}],"up":[{"embeddable":true,"href":"https:\/\/shiryparis.com\/fr\/wp-json\/wp\/v2\/pages\/1395"}],"wp:attachment":[{"href":"https:\/\/shiryparis.com\/fr\/wp-json\/wp\/v2\/media?parent=1388"}],"curies":[{"name":"wp","href":"https:\/\/api.w.org\/{rel}","templated":true}]}}