{"id":1386,"date":"2022-07-20T14:41:35","date_gmt":"2022-07-20T12:41:35","guid":{"rendered":"https:\/\/shiryparis.com\/canal-de-lourcq-street-art-tour\/"},"modified":"2024-11-06T23:15:22","modified_gmt":"2024-11-06T22:15:22","slug":"canal-de-lourcq-street-art-tour","status":"publish","type":"page","link":"https:\/\/shiryparis.com\/fr\/paris-art-tours\/canal-de-lourcq-street-art-tour\/","title":{"rendered":"Canal de l&rsquo;Ourcq Street Art Tour"},"content":{"rendered":"\n<div class=\"wp-block-buttons is-layout-flex wp-block-buttons-is-layout-flex\">\n<div class=\"wp-block-button\"><a class=\"wp-block-button__link wp-element-button\" href=\"https:\/\/shiryparis.com\/book-tour\/\">R\u00e9server une visite<\/a><\/div>\n<\/div>\n\n<p>Partez pour une aventure artistique urbaine inoubliable : une visite hors des sentiers battus le long du canal de l\u2019Ourcq avec Shiry, une artiste de rue locale.<\/p>\n\n<p>D\u00e9couvrez Paris dans le nord de la ville, dans le 19e arrondissement, un quartier moins touristique, mais riche en art urbain surprenant, y compris des \u0153uvres fascinantes du street artist le plus c\u00e9l\u00e8bre et myst\u00e9rieux de Bristol, Banksy. Pendant la visite, nous explorerons le quartier r\u00e9nov\u00e9 de l\u2019Ourcq et nous plongerons dans son pass\u00e9 industriel le long du captivant canal de l\u2019Ourcq, qui fait partie du r\u00e9seau de canaux parisiens. Nous en apprendrons davantage sur l\u2019histoire de l\u2019eau \u00e0 Paris, tout en admirant des \u0153uvres de street art et de graffiti r\u00e9alis\u00e9es par des artistes de France et du monde entier. Nous d\u00e9couvrirons le mouvement du street art et du graffiti, ainsi que l\u2019ambiance sociale qui r\u00e8gne dans les rues fran\u00e7aises.<\/p>\n\n<p><\/p>\n\n<p>\u00c9chappez aux foules de touristes et plongez dans le monde authentique du street art avec notre visite artistique urbaine hors des sentiers battus. Anim\u00e9e par Shiry, une artiste de rue locale talentueuse et passionn\u00e9e, cette visite offre une opportunit\u00e9 unique d\u2019explorer des tr\u00e9sors cach\u00e9s et de d\u00e9couvrir la sc\u00e8ne artistique dynamique de quartiers moins connus, mais tout aussi captivants.<\/p>\n\n<p><\/p>\n\n<p>Rejoignez-nous pour explorer les recoins cach\u00e9s du quartier du canal de l\u2019Ourcq, guid\u00e9s par Shiry, une artiste de rue locale qui partagera avec vous sa passion, ses connaissances et sa perspective unique. R\u00e9servez votre place d\u00e8s maintenant et pr\u00e9parez-vous \u00e0 d\u00e9couvrir la sc\u00e8ne dynamique du street art, \u00e0 laisser votre empreinte sur les murs de la ville et \u00e0 appr\u00e9cier davantage le pouvoir de l\u2019art pour fa\u00e7onner les communaut\u00e9s et \u00e9veiller la cr\u00e9ativit\u00e9. Pr\u00e9parez-vous \u00e0 vivre un voyage inoubliable au c\u0153ur de la culture de l\u2019art urbain parisien.<\/p>\n\n<figure class=\"wp-block-gallery has-nested-images columns-2 is-cropped wp-block-gallery-1 is-layout-flex wp-block-gallery-is-layout-flex\">\n<figure class=\"wp-block-image size-large\"><img loading=\"lazy\" decoding=\"async\" width=\"1920\" height=\"2560\" data-id=\"656\" src=\"https:\/\/shiryparis.com\/wp-content\/uploads\/paris-street-art-tour-canal-de-lourcq-having-fun-scaled.webp\" alt=\"\" class=\"wp-image-656\" srcset=\"https:\/\/shiryparis.com\/wp-content\/uploads\/paris-street-art-tour-canal-de-lourcq-having-fun-scaled.webp 1920w, https:\/\/shiryparis.com\/wp-content\/uploads\/paris-street-art-tour-canal-de-lourcq-having-fun-768x1024.webp 768w, https:\/\/shiryparis.com\/wp-content\/uploads\/paris-street-art-tour-canal-de-lourcq-having-fun-1536x2048.webp 1536w, https:\/\/shiryparis.com\/wp-content\/uploads\/paris-street-art-tour-canal-de-lourcq-having-fun-1152x1536.webp 1152w, https:\/\/shiryparis.com\/wp-content\/uploads\/paris-street-art-tour-canal-de-lourcq-having-fun-600x800.webp 600w\" sizes=\"auto, (max-width: 1920px) 100vw, 1920px\" \/><\/figure>\n\n\n\n<figure class=\"wp-block-image size-large\"><img loading=\"lazy\" decoding=\"async\" width=\"1536\" height=\"1152\" data-id=\"659\" src=\"https:\/\/shiryparis.com\/wp-content\/uploads\/\/paris-street-art-tour-canal-de-lourcq-shiry-paris-1536x1152.webp\" alt=\"\" class=\"wp-image-659\" srcset=\"https:\/\/shiryparis.com\/wp-content\/uploads\/paris-street-art-tour-canal-de-lourcq-shiry-paris-1536x1152.webp 1536w, https:\/\/shiryparis.com\/wp-content\/uploads\/paris-street-art-tour-canal-de-lourcq-shiry-paris-768x576.webp 768w, https:\/\/shiryparis.com\/wp-content\/uploads\/paris-street-art-tour-canal-de-lourcq-shiry-paris-600x450.webp 600w, https:\/\/shiryparis.com\/wp-content\/uploads\/paris-street-art-tour-canal-de-lourcq-shiry-paris.webp 2000w\" sizes=\"auto, (max-width: 1536px) 100vw, 1536px\" \/><\/figure>\n\n\n\n<figure class=\"wp-block-image size-large is-style-default\"><img loading=\"lazy\" decoding=\"async\" width=\"1536\" height=\"1152\" data-id=\"665\" src=\"https:\/\/shiryparis.com\/wp-content\/uploads\/\/paris-street-art-tour-canal-de-lourcq-teens-graffiti-1536x1152.webp\" alt=\"\" class=\"wp-image-665\" srcset=\"https:\/\/shiryparis.com\/wp-content\/uploads\/paris-street-art-tour-canal-de-lourcq-teens-graffiti-1536x1152.webp 1536w, https:\/\/shiryparis.com\/wp-content\/uploads\/paris-street-art-tour-canal-de-lourcq-teens-graffiti-768x576.webp 768w, https:\/\/shiryparis.com\/wp-content\/uploads\/paris-street-art-tour-canal-de-lourcq-teens-graffiti-600x450.webp 600w, https:\/\/shiryparis.com\/wp-content\/uploads\/paris-street-art-tour-canal-de-lourcq-teens-graffiti.webp 2000w\" sizes=\"auto, (max-width: 1536px) 100vw, 1536px\" \/><\/figure>\n\n\n\n<figure class=\"wp-block-image size-large\"><img loading=\"lazy\" decoding=\"async\" width=\"1536\" height=\"1152\" data-id=\"662\" src=\"https:\/\/shiryparis.com\/wp-content\/uploads\/\/paris-street-art-tour-canal-de-lourcq-man-walking-1536x1152.webp\" alt=\"\" class=\"wp-image-662\" srcset=\"https:\/\/shiryparis.com\/wp-content\/uploads\/paris-street-art-tour-canal-de-lourcq-man-walking-1536x1152.webp 1536w, https:\/\/shiryparis.com\/wp-content\/uploads\/paris-street-art-tour-canal-de-lourcq-man-walking-768x576.webp 768w, https:\/\/shiryparis.com\/wp-content\/uploads\/paris-street-art-tour-canal-de-lourcq-man-walking-600x450.webp 600w, https:\/\/shiryparis.com\/wp-content\/uploads\/paris-street-art-tour-canal-de-lourcq-man-walking.webp 2000w\" sizes=\"auto, (max-width: 1536px) 100vw, 1536px\" \/><\/figure>\n\n\n\n<figure class=\"wp-block-image size-large\"><img loading=\"lazy\" decoding=\"async\" width=\"1536\" height=\"1152\" data-id=\"668\" src=\"https:\/\/shiryparis.com\/wp-content\/uploads\/\/paris-street-art-tour-canal-de-lourcq-with-shiry-paris-1536x1152.webp\" alt=\"\" class=\"wp-image-668\" srcset=\"https:\/\/shiryparis.com\/wp-content\/uploads\/paris-street-art-tour-canal-de-lourcq-with-shiry-paris-1536x1152.webp 1536w, https:\/\/shiryparis.com\/wp-content\/uploads\/paris-street-art-tour-canal-de-lourcq-with-shiry-paris-768x576.webp 768w, https:\/\/shiryparis.com\/wp-content\/uploads\/paris-street-art-tour-canal-de-lourcq-with-shiry-paris-600x450.webp 600w, https:\/\/shiryparis.com\/wp-content\/uploads\/paris-street-art-tour-canal-de-lourcq-with-shiry-paris.webp 2000w\" sizes=\"auto, (max-width: 1536px) 100vw, 1536px\" \/><\/figure>\n\n\n\n<figure class=\"wp-block-image size-large\"><img loading=\"lazy\" decoding=\"async\" width=\"2000\" height=\"1500\" data-id=\"652\" src=\"https:\/\/shiryparis.com\/wp-content\/uploads\/paris-street-art-tour-canal-de-lourcq.webp\" alt=\"\" class=\"wp-image-652\" srcset=\"https:\/\/shiryparis.com\/wp-content\/uploads\/paris-street-art-tour-canal-de-lourcq.webp 2000w, https:\/\/shiryparis.com\/wp-content\/uploads\/paris-street-art-tour-canal-de-lourcq-768x576.webp 768w, https:\/\/shiryparis.com\/wp-content\/uploads\/paris-street-art-tour-canal-de-lourcq-1536x1152.webp 1536w, https:\/\/shiryparis.com\/wp-content\/uploads\/paris-street-art-tour-canal-de-lourcq-600x450.webp 600w\" sizes=\"auto, (max-width: 2000px) 100vw, 2000px\" \/><\/figure>\n<\/figure>\n","protected":false},"excerpt":{"rendered":"<p>Partez pour une aventure artistique urbaine inoubliable : une visite hors des sentiers battus le long du canal de l\u2019Ourcq avec Shiry, une artiste de rue locale. D\u00e9couvrez Paris dans le nord de la ville, dans le 19e arrondissement, un quartier moins touristique, mais riche en art urbain surprenant, y compris des \u0153uvres fascinantes du [&hellip;]<\/p>\n","protected":false},"author":1,"featured_media":0,"parent":1395,"menu_order":0,"comment_status":"closed","ping_status":"closed","template":"","meta":{"footnotes":""},"class_list":["post-1386","page","type-page","status-publish","hentry",""],"_links":{"self":[{"href":"https:\/\/shiryparis.com\/fr\/wp-json\/wp\/v2\/pages\/1386","targetHints":{"allow":["GET"]}}],"collection":[{"href":"https:\/\/shiryparis.com\/fr\/wp-json\/wp\/v2\/pages"}],"about":[{"href":"https:\/\/shiryparis.com\/fr\/wp-json\/wp\/v2\/types\/page"}],"author":[{"embeddable":true,"href":"https:\/\/shiryparis.com\/fr\/wp-json\/wp\/v2\/users\/1"}],"replies":[{"embeddable":true,"href":"https:\/\/shiryparis.com\/fr\/wp-json\/wp\/v2\/comments?post=1386"}],"version-history":[{"count":2,"href":"https:\/\/shiryparis.com\/fr\/wp-json\/wp\/v2\/pages\/1386\/revisions"}],"predecessor-version":[{"id":1396,"href":"https:\/\/shiryparis.com\/fr\/wp-json\/wp\/v2\/pages\/1386\/revisions\/1396"}],"up":[{"embeddable":true,"href":"https:\/\/shiryparis.com\/fr\/wp-json\/wp\/v2\/pages\/1395"}],"wp:attachment":[{"href":"https:\/\/shiryparis.com\/fr\/wp-json\/wp\/v2\/media?parent=1386"}],"curies":[{"name":"wp","href":"https:\/\/api.w.org\/{rel}","templated":true}]}}