{"id":1378,"date":"2022-07-21T10:36:24","date_gmt":"2022-07-21T08:36:24","guid":{"rendered":"https:\/\/shiryparis.com\/a-propos-de-shiry\/"},"modified":"2024-11-06T12:50:28","modified_gmt":"2024-11-06T11:50:28","slug":"a-propos-de-shiry","status":"publish","type":"page","link":"https:\/\/shiryparis.com\/fr\/a-propos-de-shiry\/","title":{"rendered":"A propos de Shiry"},"content":{"rendered":"\n<p>Shiry Avny est une artiste urbaine talentueuse bas\u00e9e \u00e0 Paris, reconnue pour ses cr\u00e9ations stimulantes qui incarnent l\u2019esprit d\u2019autonomisation et d\u2019expression personnelle. N\u00e9e \u00e0 Ha\u00effa, en Isra\u00ebl, son parcours artistique a d\u00e9but\u00e9 d\u00e8s son jeune \u00e2ge, nourri par une passion profonde pour le design et le d\u00e9sir d\u2019avoir un impact significatif \u00e0 travers son art. <\/p>\n\n<p>Apr\u00e8s avoir obtenu un dipl\u00f4me en design et p\u00e9dagogie \u00e0 la prestigieuse WIZO Design Academy de Ha\u00effa, Shiry a entrepris une exploration artistique dans les rues vibrantes de Paris. C\u2019est dans cette ville lumi\u00e8re qu\u2019elle a trouv\u00e9 l\u2019inspiration pour exprimer sa vision unique. &#13;\n<\/p>\n\n<p>L\u2019art de Shiry est un reflet puissant de ses exp\u00e9riences personnelles, de ses convictions et de l\u2019influence profonde de la f\u00e9minit\u00e9 dans la soci\u00e9t\u00e9. \u00c0 travers ses pochoirs distinctifs, elle explore des th\u00e8mes li\u00e9s aux questions f\u00e9minines, c\u00e9l\u00e9brant la force, la r\u00e9silience et la diversit\u00e9 de l\u2019exp\u00e9rience f\u00e9minine. Son travail est une voix forte, qui d\u00e9fie les st\u00e9r\u00e9otypes et plaide pour l\u2019\u00e9galit\u00e9 et l\u2019\u00e9mancipation.<\/p>\n\n<p>Anim\u00e9e par sa passion de cr\u00e9er un changement social \u00e0 travers l\u2019art, Shiry s\u2019est impos\u00e9e comme une figure respect\u00e9e dans la sc\u00e8ne du street art parisien. Ses fresques captivantes ornent les murs de la ville, transformant les espaces publics en toiles puissantes qui interpellent les passants et suscitent des conversations significatives.<\/p>\n\n<p>Au-del\u00e0 de ses projets artistiques, Shiry se consacre \u00e9galement \u00e0 partager ses connaissances et \u00e0 inspirer la prochaine g\u00e9n\u00e9ration d\u2019artistes. Elle participe activement \u00e0 des ateliers et des initiatives \u00e9ducatives, encourageant les autres \u00e0 explorer leur cr\u00e9ativit\u00e9 et \u00e0 utiliser l\u2019art comme un outil d\u2019expression personnelle et de transformation sociale.<\/p>\n\n<p>Le travail de Shiry a suscit\u00e9 reconnaissance et admiration tant au niveau local qu\u2019international, avec des expositions et des collaborations qui ont port\u00e9 son art vers de nouveaux horizons. Son style unique, son souci m\u00e9ticuleux du d\u00e9tail et son engagement ind\u00e9fectible envers son art continuent de captiver les amateurs d\u2019art et de provoquer la r\u00e9flexion.<\/p>\n\n<p>Gr\u00e2ce \u00e0 son talent exceptionnel et \u00e0 son engagement ind\u00e9fectible pour faire la diff\u00e9rence, Shiry Avny s\u2019est impos\u00e9e comme une voix majeure dans le domaine de l\u2019art urbain. Ses \u0153uvres t\u00e9moignent du pouvoir de l\u2019art \u00e0 d\u00e9fier les normes soci\u00e9tales, \u00e0 susciter des conversations et \u00e0 inspirer des changements positifs. \ufffc<\/p>\n\n<p><\/p>\n\n<div class=\"wp-block-embed__wrapper\"><a href=\"https:\/\/fr.timesofisrael.com\/des-israeliens-font-decouvrir-lart-de-rue-parisien\/\">https:\/\/www.youtube.com\/watch?v=esZ2MhvY18s<\/a><\/div>\r\n<a href=\"https:\/\/fr.timesofisrael.com\/des-israeliens-font-decouvrir-lart-de-rue-parisien\/\">Shiry Avny interviewed by Rita London as part of the Story 555 show<\/a>\n\n<figure class=\"wp-block-gallery has-nested-images columns-2 is-cropped wp-block-gallery-1 is-layout-flex wp-block-gallery-is-layout-flex\">\n<figure class=\"wp-block-image size-large\"><img loading=\"lazy\" decoding=\"async\" width=\"2000\" height=\"1127\" data-id=\"383\" src=\"https:\/\/shiryparis.com\/wp-content\/uploads\/shiry-paris-graffiti-shiry-paris-1.webp\" alt=\"\" class=\"wp-image-383\" srcset=\"https:\/\/shiryparis.com\/wp-content\/uploads\/shiry-paris-graffiti-shiry-paris-1.webp 2000w, https:\/\/shiryparis.com\/wp-content\/uploads\/shiry-paris-graffiti-shiry-paris-1-768x433.webp 768w, https:\/\/shiryparis.com\/wp-content\/uploads\/shiry-paris-graffiti-shiry-paris-1-1536x866.webp 1536w, https:\/\/shiryparis.com\/wp-content\/uploads\/shiry-paris-graffiti-shiry-paris-1-600x338.webp 600w\" sizes=\"auto, (max-width: 2000px) 100vw, 2000px\" \/><\/figure>\n\n\n\n<figure class=\"wp-block-image size-large\"><img loading=\"lazy\" decoding=\"async\" width=\"1920\" height=\"2560\" data-id=\"296\" src=\"https:\/\/shiryparis.com\/wp-content\/uploads\/kids-stencil-graffiti-art-shiry-paris-1-scaled.webp\" alt=\"\" class=\"wp-image-296\" srcset=\"https:\/\/shiryparis.com\/wp-content\/uploads\/kids-stencil-graffiti-art-shiry-paris-1-scaled.webp 1920w, https:\/\/shiryparis.com\/wp-content\/uploads\/kids-stencil-graffiti-art-shiry-paris-1-768x1024.webp 768w, https:\/\/shiryparis.com\/wp-content\/uploads\/kids-stencil-graffiti-art-shiry-paris-1-1536x2048.webp 1536w, https:\/\/shiryparis.com\/wp-content\/uploads\/kids-stencil-graffiti-art-shiry-paris-1-1152x1536.webp 1152w, https:\/\/shiryparis.com\/wp-content\/uploads\/kids-stencil-graffiti-art-shiry-paris-1-600x800.webp 600w\" sizes=\"auto, (max-width: 1920px) 100vw, 1920px\" \/><\/figure>\n\n\n\n<figure class=\"wp-block-image size-large\"><img loading=\"lazy\" decoding=\"async\" width=\"1686\" height=\"2560\" data-id=\"398\" src=\"https:\/\/shiryparis.com\/wp-content\/uploads\/stencil-art-shiry-guide-paris-shiry-paris-1-scaled.webp\" alt=\"\" class=\"wp-image-398\" srcset=\"https:\/\/shiryparis.com\/wp-content\/uploads\/stencil-art-shiry-guide-paris-shiry-paris-1-scaled.webp 1686w, https:\/\/shiryparis.com\/wp-content\/uploads\/stencil-art-shiry-guide-paris-shiry-paris-1-768x1166.webp 768w, https:\/\/shiryparis.com\/wp-content\/uploads\/stencil-art-shiry-guide-paris-shiry-paris-1-1536x2332.webp 1536w, https:\/\/shiryparis.com\/wp-content\/uploads\/stencil-art-shiry-guide-paris-shiry-paris-1-1012x1536.webp 1012w, https:\/\/shiryparis.com\/wp-content\/uploads\/stencil-art-shiry-guide-paris-shiry-paris-1-1349x2048.webp 1349w, https:\/\/shiryparis.com\/wp-content\/uploads\/stencil-art-shiry-guide-paris-shiry-paris-1-600x911.webp 600w\" sizes=\"auto, (max-width: 1686px) 100vw, 1686px\" \/><\/figure>\n\n\n\n<figure class=\"wp-block-image size-large\"><img loading=\"lazy\" decoding=\"async\" width=\"2000\" height=\"1490\" data-id=\"395\" src=\"https:\/\/shiryparis.com\/wp-content\/uploads\/shiry-tour-guide-in-belleville-shiry-paris-1.webp\" alt=\"\" class=\"wp-image-395\" srcset=\"https:\/\/shiryparis.com\/wp-content\/uploads\/shiry-tour-guide-in-belleville-shiry-paris-1.webp 2000w, https:\/\/shiryparis.com\/wp-content\/uploads\/shiry-tour-guide-in-belleville-shiry-paris-1-768x572.webp 768w, https:\/\/shiryparis.com\/wp-content\/uploads\/shiry-tour-guide-in-belleville-shiry-paris-1-1536x1144.webp 1536w, https:\/\/shiryparis.com\/wp-content\/uploads\/shiry-tour-guide-in-belleville-shiry-paris-1-600x447.webp 600w\" sizes=\"auto, (max-width: 2000px) 100vw, 2000px\" \/><\/figure>\n\n\n\n<figure class=\"wp-block-image size-large\"><img loading=\"lazy\" decoding=\"async\" width=\"1551\" height=\"2560\" data-id=\"374\" src=\"https:\/\/shiryparis.com\/wp-content\/uploads\/shiry-guide.paris_.love-shiry-paris-1-scaled.webp\" alt=\"\" class=\"wp-image-374\" srcset=\"https:\/\/shiryparis.com\/wp-content\/uploads\/shiry-guide.paris_.love-shiry-paris-1-scaled.webp 1551w, https:\/\/shiryparis.com\/wp-content\/uploads\/shiry-guide.paris_.love-shiry-paris-1-768x1268.webp 768w, https:\/\/shiryparis.com\/wp-content\/uploads\/shiry-guide.paris_.love-shiry-paris-1-1536x2535.webp 1536w, https:\/\/shiryparis.com\/wp-content\/uploads\/shiry-guide.paris_.love-shiry-paris-1-931x1536.webp 931w, https:\/\/shiryparis.com\/wp-content\/uploads\/shiry-guide.paris_.love-shiry-paris-1-1241x2048.webp 1241w, https:\/\/shiryparis.com\/wp-content\/uploads\/shiry-guide.paris_.love-shiry-paris-1-600x990.webp 600w\" sizes=\"auto, (max-width: 1551px) 100vw, 1551px\" \/><\/figure>\n\n\n\n<figure class=\"wp-block-image size-large\"><img loading=\"lazy\" decoding=\"async\" width=\"1920\" height=\"2560\" data-id=\"377\" src=\"https:\/\/shiryparis.com\/wp-content\/uploads\/shiry-kidstour-shiry-paris-scaled.webp\" alt=\"\" class=\"wp-image-377\" srcset=\"https:\/\/shiryparis.com\/wp-content\/uploads\/shiry-kidstour-shiry-paris-scaled.webp 1920w, https:\/\/shiryparis.com\/wp-content\/uploads\/shiry-kidstour-shiry-paris-768x1024.webp 768w, https:\/\/shiryparis.com\/wp-content\/uploads\/shiry-kidstour-shiry-paris-1536x2048.webp 1536w, https:\/\/shiryparis.com\/wp-content\/uploads\/shiry-kidstour-shiry-paris-1152x1536.webp 1152w, https:\/\/shiryparis.com\/wp-content\/uploads\/shiry-kidstour-shiry-paris-600x800.webp 600w\" sizes=\"auto, (max-width: 1920px) 100vw, 1920px\" \/><\/figure>\n\n\n\n<figure class=\"wp-block-image size-large\"><img loading=\"lazy\" decoding=\"async\" width=\"1440\" height=\"2560\" data-id=\"410\" src=\"https:\/\/shiryparis.com\/wp-content\/uploads\/stencil-shiry-paris-1-scaled.webp\" alt=\"\" class=\"wp-image-410\" srcset=\"https:\/\/shiryparis.com\/wp-content\/uploads\/stencil-shiry-paris-1-scaled.webp 1440w, https:\/\/shiryparis.com\/wp-content\/uploads\/stencil-shiry-paris-1-768x1366.webp 768w, https:\/\/shiryparis.com\/wp-content\/uploads\/stencil-shiry-paris-1-1536x2731.webp 1536w, https:\/\/shiryparis.com\/wp-content\/uploads\/stencil-shiry-paris-1-864x1536.webp 864w, https:\/\/shiryparis.com\/wp-content\/uploads\/stencil-shiry-paris-1-1152x2048.webp 1152w, https:\/\/shiryparis.com\/wp-content\/uploads\/stencil-shiry-paris-1-600x1067.webp 600w\" sizes=\"auto, (max-width: 1440px) 100vw, 1440px\" \/><\/figure>\n\n\n\n<figure class=\"wp-block-image size-large\"><img loading=\"lazy\" decoding=\"async\" width=\"1551\" height=\"2560\" data-id=\"371\" src=\"https:\/\/shiryparis.com\/wp-content\/uploads\/shiry-guide.lifestyle-shiry-paris-1-scaled.webp\" alt=\"\" class=\"wp-image-371\" srcset=\"https:\/\/shiryparis.com\/wp-content\/uploads\/shiry-guide.lifestyle-shiry-paris-1-scaled.webp 1551w, https:\/\/shiryparis.com\/wp-content\/uploads\/shiry-guide.lifestyle-shiry-paris-1-768x1268.webp 768w, https:\/\/shiryparis.com\/wp-content\/uploads\/shiry-guide.lifestyle-shiry-paris-1-1536x2535.webp 1536w, https:\/\/shiryparis.com\/wp-content\/uploads\/shiry-guide.lifestyle-shiry-paris-1-931x1536.webp 931w, https:\/\/shiryparis.com\/wp-content\/uploads\/shiry-guide.lifestyle-shiry-paris-1-1241x2048.webp 1241w, https:\/\/shiryparis.com\/wp-content\/uploads\/shiry-guide.lifestyle-shiry-paris-1-600x990.webp 600w\" sizes=\"auto, (max-width: 1551px) 100vw, 1551px\" \/><\/figure>\n\n\n\n<figure class=\"wp-block-image size-large\"><img loading=\"lazy\" decoding=\"async\" width=\"2000\" height=\"1190\" data-id=\"362\" src=\"https:\/\/shiryparis.com\/wp-content\/uploads\/shiry-guide-shiry-paris-1.webp\" alt=\"\" class=\"wp-image-362\" srcset=\"https:\/\/shiryparis.com\/wp-content\/uploads\/shiry-guide-shiry-paris-1.webp 2000w, https:\/\/shiryparis.com\/wp-content\/uploads\/shiry-guide-shiry-paris-1-768x457.webp 768w, https:\/\/shiryparis.com\/wp-content\/uploads\/shiry-guide-shiry-paris-1-1536x914.webp 1536w, https:\/\/shiryparis.com\/wp-content\/uploads\/shiry-guide-shiry-paris-1-600x357.webp 600w\" sizes=\"auto, (max-width: 2000px) 100vw, 2000px\" \/><\/figure>\n\n\n\n<figure class=\"wp-block-image size-large\"><img loading=\"lazy\" decoding=\"async\" width=\"1920\" height=\"2560\" data-id=\"386\" src=\"https:\/\/shiryparis.com\/wp-content\/uploads\/shiry-paris-popay-shiry-paris-1-scaled.webp\" alt=\"\" class=\"wp-image-386\" srcset=\"https:\/\/shiryparis.com\/wp-content\/uploads\/shiry-paris-popay-shiry-paris-1-scaled.webp 1920w, https:\/\/shiryparis.com\/wp-content\/uploads\/shiry-paris-popay-shiry-paris-1-768x1024.webp 768w, https:\/\/shiryparis.com\/wp-content\/uploads\/shiry-paris-popay-shiry-paris-1-1536x2048.webp 1536w, https:\/\/shiryparis.com\/wp-content\/uploads\/shiry-paris-popay-shiry-paris-1-1152x1536.webp 1152w, https:\/\/shiryparis.com\/wp-content\/uploads\/shiry-paris-popay-shiry-paris-1-600x800.webp 600w\" sizes=\"auto, (max-width: 1920px) 100vw, 1920px\" \/><\/figure>\n\n\n\n<figure class=\"wp-block-image size-large\"><img loading=\"lazy\" decoding=\"async\" width=\"1920\" height=\"2560\" data-id=\"308\" src=\"https:\/\/shiryparis.com\/wp-content\/uploads\/lamama-art-shiry-paris-1-scaled.webp\" alt=\"\" class=\"wp-image-308\" srcset=\"https:\/\/shiryparis.com\/wp-content\/uploads\/lamama-art-shiry-paris-1-scaled.webp 1920w, https:\/\/shiryparis.com\/wp-content\/uploads\/lamama-art-shiry-paris-1-768x1024.webp 768w, https:\/\/shiryparis.com\/wp-content\/uploads\/lamama-art-shiry-paris-1-1536x2048.webp 1536w, https:\/\/shiryparis.com\/wp-content\/uploads\/lamama-art-shiry-paris-1-1152x1536.webp 1152w, https:\/\/shiryparis.com\/wp-content\/uploads\/lamama-art-shiry-paris-1-600x800.webp 600w\" sizes=\"auto, (max-width: 1920px) 100vw, 1920px\" \/><\/figure>\n\n\n\n<figure class=\"wp-block-image size-large\"><img loading=\"lazy\" decoding=\"async\" width=\"1920\" height=\"2560\" data-id=\"335\" src=\"https:\/\/shiryparis.com\/wp-content\/uploads\/paris-urban-private-tour-shiry-paris-scaled.webp\" alt=\"\" class=\"wp-image-335\" srcset=\"https:\/\/shiryparis.com\/wp-content\/uploads\/paris-urban-private-tour-shiry-paris-scaled.webp 1920w, https:\/\/shiryparis.com\/wp-content\/uploads\/paris-urban-private-tour-shiry-paris-768x1024.webp 768w, https:\/\/shiryparis.com\/wp-content\/uploads\/paris-urban-private-tour-shiry-paris-1536x2048.webp 1536w, https:\/\/shiryparis.com\/wp-content\/uploads\/paris-urban-private-tour-shiry-paris-1152x1536.webp 1152w, https:\/\/shiryparis.com\/wp-content\/uploads\/paris-urban-private-tour-shiry-paris-600x800.webp 600w\" sizes=\"auto, (max-width: 1920px) 100vw, 1920px\" \/><\/figure>\n\n\n\n<figure class=\"wp-block-image size-large\"><img loading=\"lazy\" decoding=\"async\" width=\"2000\" height=\"1190\" data-id=\"356\" src=\"https:\/\/shiryparis.com\/wp-content\/uploads\/shiry-guide-belleville-shiry-paris-1.webp\" alt=\"\" class=\"wp-image-356\" srcset=\"https:\/\/shiryparis.com\/wp-content\/uploads\/shiry-guide-belleville-shiry-paris-1.webp 2000w, https:\/\/shiryparis.com\/wp-content\/uploads\/shiry-guide-belleville-shiry-paris-1-768x457.webp 768w, https:\/\/shiryparis.com\/wp-content\/uploads\/shiry-guide-belleville-shiry-paris-1-1536x914.webp 1536w, https:\/\/shiryparis.com\/wp-content\/uploads\/shiry-guide-belleville-shiry-paris-1-600x357.webp 600w\" sizes=\"auto, (max-width: 2000px) 100vw, 2000px\" \/><\/figure>\n<\/figure>\n","protected":false},"excerpt":{"rendered":"<p>Shiry Avny est une artiste urbaine talentueuse bas\u00e9e \u00e0 Paris, reconnue pour ses cr\u00e9ations stimulantes qui incarnent l\u2019esprit d\u2019autonomisation et d\u2019expression personnelle. N\u00e9e \u00e0 Ha\u00effa, en Isra\u00ebl, son parcours artistique a d\u00e9but\u00e9 d\u00e8s son jeune \u00e2ge, nourri par une passion profonde pour le design et le d\u00e9sir d\u2019avoir un impact significatif \u00e0 travers son art. [&hellip;]<\/p>\n","protected":false},"author":1,"featured_media":0,"parent":0,"menu_order":2,"comment_status":"closed","ping_status":"closed","template":"","meta":{"footnotes":""},"class_list":["post-1378","page","type-page","status-publish","hentry",""],"_links":{"self":[{"href":"https:\/\/shiryparis.com\/fr\/wp-json\/wp\/v2\/pages\/1378","targetHints":{"allow":["GET"]}}],"collection":[{"href":"https:\/\/shiryparis.com\/fr\/wp-json\/wp\/v2\/pages"}],"about":[{"href":"https:\/\/shiryparis.com\/fr\/wp-json\/wp\/v2\/types\/page"}],"author":[{"embeddable":true,"href":"https:\/\/shiryparis.com\/fr\/wp-json\/wp\/v2\/users\/1"}],"replies":[{"embeddable":true,"href":"https:\/\/shiryparis.com\/fr\/wp-json\/wp\/v2\/comments?post=1378"}],"version-history":[{"count":3,"href":"https:\/\/shiryparis.com\/fr\/wp-json\/wp\/v2\/pages\/1378\/revisions"}],"predecessor-version":[{"id":1381,"href":"https:\/\/shiryparis.com\/fr\/wp-json\/wp\/v2\/pages\/1378\/revisions\/1381"}],"wp:attachment":[{"href":"https:\/\/shiryparis.com\/fr\/wp-json\/wp\/v2\/media?parent=1378"}],"curies":[{"name":"wp","href":"https:\/\/api.w.org\/{rel}","templated":true}]}}