{"id":1375,"date":"2022-06-08T14:49:12","date_gmt":"2022-06-08T12:49:12","guid":{"rendered":"https:\/\/shiryparis.com\/decouvrez-la-scene-artistique-de-paris-avec-shiry-artiste-locale\/"},"modified":"2024-11-06T23:23:23","modified_gmt":"2024-11-06T22:23:23","slug":"decouvrez-la-scene-artistique-de-paris-avec-shiry-artiste-locale","status":"publish","type":"page","link":"https:\/\/shiryparis.com\/fr\/","title":{"rendered":"D\u00e9couvrez la sc\u00e8ne artistique de Paris avec Shiry, artiste locale"},"content":{"rendered":"\n<figure class=\"wp-block-image size-large is-style-default\"><img loading=\"lazy\" decoding=\"async\" width=\"1536\" height=\"914\" src=\"https:\/\/shiryparis.com\/wp-content\/uploads\/\/shiry-guide-belleville-shiry-paris-1-1536x914.webp\" alt=\"\" class=\"wp-image-356\" srcset=\"https:\/\/shiryparis.com\/wp-content\/uploads\/shiry-guide-belleville-shiry-paris-1-1536x914.webp 1536w, https:\/\/shiryparis.com\/wp-content\/uploads\/shiry-guide-belleville-shiry-paris-1-768x457.webp 768w, https:\/\/shiryparis.com\/wp-content\/uploads\/shiry-guide-belleville-shiry-paris-1-600x357.webp 600w, https:\/\/shiryparis.com\/wp-content\/uploads\/shiry-guide-belleville-shiry-paris-1.webp 2000w\" sizes=\"auto, (max-width: 1536px) 100vw, 1536px\" \/><\/figure>\n\n\n\n<h2 class=\"wp-block-heading\">D\u00e9couvrez l\u2019art urbain cach\u00e9 de Paris et les galeries d\u2019art contemporain du Marais<\/h2>\n\n\n\n<h3 class=\"wp-block-heading\">Visites guid\u00e9es de street art \u00e0 Paris<\/h3>\n\n\n\n<p>D\u00e9couvrez la sc\u00e8ne artistique de Paris avec Shiry, artiste locale<\/p>\n\n\n\n<p>Visites guid\u00e9es de street art :<\/p>\n\n\n\n<div class=\"wp-block-buttons is-layout-flex wp-block-buttons-is-layout-flex\">\n<div class=\"wp-block-button\"><a class=\"wp-block-button__link wp-element-button\" href=\"https:\/\/shiryparis.com\/fr\/paris-art-tours\/belleville-street-art-tour\/\">Belleville Street Art Tour<\/a><\/div>\n<\/div>\n\n\n\n<div class=\"wp-block-buttons is-layout-flex wp-block-buttons-is-layout-flex\">\n<div class=\"wp-block-button\"><a class=\"wp-block-button__link wp-element-button\" href=\"https:\/\/shiryparis.com\/fr\/paris-art-tours\/canal-de-lourcq-street-art-tour\/\">Canal de l\u2019Ourcq Street Art Tour<\/a><\/div>\n<\/div>\n\n\n\n<div class=\"wp-block-buttons is-layout-flex wp-block-buttons-is-layout-flex\">\n<div class=\"wp-block-button\"><a class=\"wp-block-button__link wp-element-button\" href=\"https:\/\/shiryparis.com\/fr\/paris-art-tours\/paris-marais-art-galleries-tour\/\">Paris Marais Art Galleries Tour<\/a><\/div>\n<\/div>\n\n\n\n<div style=\"height:100px\" aria-hidden=\"true\" class=\"wp-block-spacer\"><\/div>\n\n\n\n\n\n\n\n\n\n\n\n<div style=\"height:100px\" aria-hidden=\"true\" class=\"wp-block-spacer\"><\/div>\n\n\n\n<figure class=\"wp-block-image size-large\"><img loading=\"lazy\" decoding=\"async\" width=\"1536\" height=\"1144\" src=\"https:\/\/shiryparis.com\/wp-content\/uploads\/\/shiry-guide-paris-shiry-paris-1-1536x1144.webp\" alt=\"\" class=\"wp-image-359\" srcset=\"https:\/\/shiryparis.com\/wp-content\/uploads\/shiry-guide-paris-shiry-paris-1-1536x1144.webp 1536w, https:\/\/shiryparis.com\/wp-content\/uploads\/shiry-guide-paris-shiry-paris-1-768x572.webp 768w, https:\/\/shiryparis.com\/wp-content\/uploads\/shiry-guide-paris-shiry-paris-1-600x447.webp 600w, https:\/\/shiryparis.com\/wp-content\/uploads\/shiry-guide-paris-shiry-paris-1.webp 2000w\" sizes=\"auto, (max-width: 1536px) 100vw, 1536px\" \/><\/figure>\n\n\n\n<h2 class=\"wp-block-heading\">Rencontrez votre guide, Shiry<\/h2>\n\n\n\n<p>Je me suis install\u00e9e \u00e0 Paris il y a 18 ans. Depuis, je savoure chaque instant de la sc\u00e8ne artistique locale. Venez me rejoindre !<\/p>\n\n\n\n<div class=\"wp-block-buttons is-layout-flex wp-block-buttons-is-layout-flex\">\n<div class=\"wp-block-button\"><a class=\"wp-block-button__link wp-element-button\" href=\"https:\/\/shiryparis.com\/fr\/a-propos-de-shiry\/\">A propos de Shiry<\/a><\/div>\n<\/div>\n","protected":false},"excerpt":{"rendered":"<p>D\u00e9couvrez l\u2019art urbain cach\u00e9 de Paris et les galeries d\u2019art contemporain du Marais Visites guid\u00e9es de street art \u00e0 Paris D\u00e9couvrez la sc\u00e8ne artistique de Paris avec Shiry, artiste locale Visites guid\u00e9es de street art : Rencontrez votre guide, Shiry Je me suis install\u00e9e \u00e0 Paris il y a 18 ans. Depuis, je savoure chaque [&hellip;]<\/p>\n","protected":false},"author":1,"featured_media":0,"parent":0,"menu_order":1,"comment_status":"closed","ping_status":"closed","template":"","meta":{"footnotes":""},"class_list":["post-1375","page","type-page","status-publish","hentry",""],"_links":{"self":[{"href":"https:\/\/shiryparis.com\/fr\/wp-json\/wp\/v2\/pages\/1375","targetHints":{"allow":["GET"]}}],"collection":[{"href":"https:\/\/shiryparis.com\/fr\/wp-json\/wp\/v2\/pages"}],"about":[{"href":"https:\/\/shiryparis.com\/fr\/wp-json\/wp\/v2\/types\/page"}],"author":[{"embeddable":true,"href":"https:\/\/shiryparis.com\/fr\/wp-json\/wp\/v2\/users\/1"}],"replies":[{"embeddable":true,"href":"https:\/\/shiryparis.com\/fr\/wp-json\/wp\/v2\/comments?post=1375"}],"version-history":[{"count":4,"href":"https:\/\/shiryparis.com\/fr\/wp-json\/wp\/v2\/pages\/1375\/revisions"}],"predecessor-version":[{"id":1402,"href":"https:\/\/shiryparis.com\/fr\/wp-json\/wp\/v2\/pages\/1375\/revisions\/1402"}],"wp:attachment":[{"href":"https:\/\/shiryparis.com\/fr\/wp-json\/wp\/v2\/media?parent=1375"}],"curies":[{"name":"wp","href":"https:\/\/api.w.org\/{rel}","templated":true}]}}